{"id":2712,"date":"2024-05-22T08:49:26","date_gmt":"2024-05-22T08:49:26","guid":{"rendered":"https:\/\/demo.bravisthemes.com\/festiva\/?page_id=2712"},"modified":"2026-04-03T16:41:24","modified_gmt":"2026-04-03T16:41:24","slug":"vision","status":"publish","type":"page","link":"https:\/\/worldfestivalofpadel.com\/es\/vision\/","title":{"rendered":"Visi\u00f3n"},"content":{"rendered":"<div data-elementor-type=\"wp-page\" data-elementor-id=\"2712\" class=\"elementor elementor-2712\" data-elementor-post-type=\"page\">\n\t\t\t\t<div class=\"elementor-element elementor-element-d648376 e-flex e-con-boxed e-con e-parent\" data-id=\"d648376\" data-element_type=\"container\" data-e-type=\"container\" data-settings=\"{&quot;background_background&quot;:&quot;classic&quot;}\">\n\t\t\t\t\t<div class=\"e-con-inner\">\n\t\t<div class=\"elementor-element elementor-element-82cf434 e-con-full e-flex e-con e-child\" data-id=\"82cf434\" data-element_type=\"container\" data-e-type=\"container\">\n\t\t\t\t<div class=\"elementor-element elementor-element-00fe9d2 elementor-widget elementor-widget-heading\" data-id=\"00fe9d2\" data-element_type=\"widget\" data-e-type=\"widget\" data-widget_type=\"heading.default\">\n\t\t\t\t\t<h3 class=\"elementor-heading-title elementor-size-default\">MANIFIESTO \/ VISI\u00d3N<\/h3>\t\t\t\t<\/div>\n\t\t\t\t<div class=\"elementor-element elementor-element-bb35dbd elementor-widget__width-initial elementor-widget-tablet__width-inherit elementor-widget elementor-widget-heading\" data-id=\"bb35dbd\" data-element_type=\"widget\" data-e-type=\"widget\" data-widget_type=\"heading.default\">\n\t\t\t\t\t<h1 class=\"elementor-heading-title elementor-size-default translation-block\">ESTAMOS CONSTRUYENDO <font style=\"color:#E4FF00\">EL HOGAR DEL P\u00c1DEL AMATEUR<\/font><\/h1>\t\t\t\t<\/div>\n\t\t\t\t<\/div>\n\t\t\t\t\t<\/div>\n\t\t\t\t<\/div>\n\t\t<div class=\"elementor-element elementor-element-ec04e9f e-flex e-con-boxed e-con e-parent\" data-id=\"ec04e9f\" data-element_type=\"container\" data-e-type=\"container\" data-settings=\"{&quot;background_background&quot;:&quot;classic&quot;,&quot;shape_divider_bottom&quot;:&quot;pyramids&quot;}\">\n\t\t\t\t\t<div class=\"e-con-inner\">\n\t\t\t\t<div class=\"elementor-shape elementor-shape-bottom\" aria-hidden=\"true\" data-negative=\"false\">\n\t\t\t<svg xmlns=\"http:\/\/www.w3.org\/2000\/svg\" viewbox=\"0 0 1000 100\" preserveaspectratio=\"none\">\n\t<path class=\"elementor-shape-fill\" d=\"M761.9,44.1L643.1,27.2L333.8,98L0,3.8V0l1000,0v3.9\"\/>\n<\/svg>\t\t<\/div>\n\t\t<div class=\"elementor-element elementor-element-af0f0cc e-con-full e-flex e-con e-child\" data-id=\"af0f0cc\" data-element_type=\"container\" data-e-type=\"container\">\n\t\t<div class=\"elementor-element elementor-element-9cc25fb e-con-full e-flex e-con e-child\" data-id=\"9cc25fb\" data-element_type=\"container\" data-e-type=\"container\">\n\t\t\t\t<div class=\"elementor-element elementor-element-6a52a3d elementor-widget elementor-widget-heading\" data-id=\"6a52a3d\" data-element_type=\"widget\" data-e-type=\"widget\" data-widget_type=\"heading.default\">\n\t\t\t\t\t<h3 class=\"elementor-heading-title elementor-size-default\">NUESTRA VISI\u00d3N<\/h3>\t\t\t\t<\/div>\n\t\t\t\t<div class=\"elementor-element elementor-element-4b4ef95 elementor-widget elementor-widget-heading\" data-id=\"4b4ef95\" data-element_type=\"widget\" data-e-type=\"widget\" data-widget_type=\"heading.default\">\n\t\t\t\t\t<h2 class=\"elementor-heading-title elementor-size-default\">UN MOVIMIENTO GLOBAL BASADO EN LA EXPERIENCIA, LA COMUNIDAD Y LA PASI\u00d3N<\/h2>\t\t\t\t<\/div>\n\t\t\t\t<div class=\"elementor-element elementor-element-1e80e87 elementor-widget-tablet__width-initial elementor-widget elementor-widget-text-editor\" data-id=\"1e80e87\" data-element_type=\"widget\" data-e-type=\"widget\" data-widget_type=\"text-editor.default\">\n\t\t\t\t\t\t\t\t\t<p><strong>El World Festival of Padel nace para ofrecer a los jugadores amateur de todo el mundo el escenario que realmente merecen.<\/strong><\/p><p><span style=\"font-weight: 400;\">Nuestra visi\u00f3n es transformar el p\u00e1del amateur en un ecosistema global, donde los jugadores puedan competir, viajar, conectar y vivir experiencias inolvidables, todo dentro de un movimiento unificado. Un circuito en el que cada jugador, independientemente de su nivel u origen, pueda sentir la emoci\u00f3n, la profesionalidad y la energ\u00eda de un evento de talla mundial.<\/span><b><\/b><\/p>\t\t\t\t\t\t\t\t<\/div>\n\t\t\t\t<div class=\"elementor-element elementor-element-0cf563b elementor-icon-list--layout-traditional elementor-list-item-link-full_width elementor-widget elementor-widget-icon-list\" data-id=\"0cf563b\" data-element_type=\"widget\" data-e-type=\"widget\" data-widget_type=\"icon-list.default\">\n\t\t\t\t\t\t\t<ul class=\"elementor-icon-list-items\">\n\t\t\t\t\t\t\t<li class=\"elementor-icon-list-item\">\n\t\t\t\t\t\t\t\t\t\t\t<span class=\"elementor-icon-list-icon\">\n\t\t\t\t\t\t\t<svg xmlns=\"http:\/\/www.w3.org\/2000\/svg\" xmlns:xlink=\"http:\/\/www.w3.org\/1999\/xlink\" id=\"Calque_1\" x=\"0px\" y=\"0px\" viewbox=\"0 0 808 1016.7\" style=\"enable-background:new 0 0 808 1016.7;\" xml:space=\"preserve\"><g>\t<g>\t\t<defs>\t\t\t<path id=\"SVGID_1_\" d=\"M721.8,10.2L721.8,10.2c-114.9-28.7-141.6,68.6-164,144.2c-59.9,201.2-132.3,388.1-132.3,388.1    c-2.9,0-47.9-140.6-47.9-140.6s-29.3-94-85.1-87.4c-39.9,4.7-67.6,59.5-82.2,111.5c-22.3,79.1-48.5,157.4-76.6,234.6    c0,0-23-59.2-43.1-123.8c-21.3-68.5-96.5-32-82.9,22.6C25.1,629.1,45.5,703,63.5,771.8c22.1,84.2,102,84.7,126.4,35    c29.6-60.4,72.3-173.8,72.3-173.8c3.1,0.2,34.9,151.2,50.2,225.9c13.8,66.5,23.8,125.2,93.6,145.5    c35.4,10.3,104.2,3.2,133.8-71.6C646.5,663,705,432.6,796.7,159.2C811.1,116.3,800.9,29.9,721.8,10.2z\"><\/path>\t\t<\/defs>\t\t<use xlink:href=\"#SVGID_1_\" style=\"overflow:visible;fill:#E4FF00;\"><\/use>\t\t<clippath id=\"SVGID_2_\">\t\t\t<use xlink:href=\"#SVGID_1_\" style=\"overflow:visible;\"><\/use>\t\t<\/clippath>\t<\/g><\/g><\/svg>\t\t\t\t\t\t<\/span>\n\t\t\t\t\t\t\t\t\t\t<span class=\"elementor-icon-list-text\">Una comunidad sin fronteras<\/span>\n\t\t\t\t\t\t\t\t\t<\/li>\n\t\t\t\t\t\t\t\t<li class=\"elementor-icon-list-item\">\n\t\t\t\t\t\t\t\t\t\t\t<span class=\"elementor-icon-list-icon\">\n\t\t\t\t\t\t\t<svg xmlns=\"http:\/\/www.w3.org\/2000\/svg\" xmlns:xlink=\"http:\/\/www.w3.org\/1999\/xlink\" id=\"Calque_1\" x=\"0px\" y=\"0px\" viewbox=\"0 0 808 1016.7\" style=\"enable-background:new 0 0 808 1016.7;\" xml:space=\"preserve\"><g>\t<g>\t\t<defs>\t\t\t<path id=\"SVGID_1_\" d=\"M721.8,10.2L721.8,10.2c-114.9-28.7-141.6,68.6-164,144.2c-59.9,201.2-132.3,388.1-132.3,388.1    c-2.9,0-47.9-140.6-47.9-140.6s-29.3-94-85.1-87.4c-39.9,4.7-67.6,59.5-82.2,111.5c-22.3,79.1-48.5,157.4-76.6,234.6    c0,0-23-59.2-43.1-123.8c-21.3-68.5-96.5-32-82.9,22.6C25.1,629.1,45.5,703,63.5,771.8c22.1,84.2,102,84.7,126.4,35    c29.6-60.4,72.3-173.8,72.3-173.8c3.1,0.2,34.9,151.2,50.2,225.9c13.8,66.5,23.8,125.2,93.6,145.5    c35.4,10.3,104.2,3.2,133.8-71.6C646.5,663,705,432.6,796.7,159.2C811.1,116.3,800.9,29.9,721.8,10.2z\"><\/path>\t\t<\/defs>\t\t<use xlink:href=\"#SVGID_1_\" style=\"overflow:visible;fill:#E4FF00;\"><\/use>\t\t<clippath id=\"SVGID_2_\">\t\t\t<use xlink:href=\"#SVGID_1_\" style=\"overflow:visible;\"><\/use>\t\t<\/clippath>\t<\/g><\/g><\/svg>\t\t\t\t\t\t<\/span>\n\t\t\t\t\t\t\t\t\t\t<span class=\"elementor-icon-list-text\">Un festival sin l\u00edmites<\/span>\n\t\t\t\t\t\t\t\t\t<\/li>\n\t\t\t\t\t\t\t\t<li class=\"elementor-icon-list-item\">\n\t\t\t\t\t\t\t\t\t\t\t<span class=\"elementor-icon-list-icon\">\n\t\t\t\t\t\t\t<svg xmlns=\"http:\/\/www.w3.org\/2000\/svg\" xmlns:xlink=\"http:\/\/www.w3.org\/1999\/xlink\" id=\"Calque_1\" x=\"0px\" y=\"0px\" viewbox=\"0 0 808 1016.7\" style=\"enable-background:new 0 0 808 1016.7;\" xml:space=\"preserve\"><g>\t<g>\t\t<defs>\t\t\t<path id=\"SVGID_1_\" d=\"M721.8,10.2L721.8,10.2c-114.9-28.7-141.6,68.6-164,144.2c-59.9,201.2-132.3,388.1-132.3,388.1    c-2.9,0-47.9-140.6-47.9-140.6s-29.3-94-85.1-87.4c-39.9,4.7-67.6,59.5-82.2,111.5c-22.3,79.1-48.5,157.4-76.6,234.6    c0,0-23-59.2-43.1-123.8c-21.3-68.5-96.5-32-82.9,22.6C25.1,629.1,45.5,703,63.5,771.8c22.1,84.2,102,84.7,126.4,35    c29.6-60.4,72.3-173.8,72.3-173.8c3.1,0.2,34.9,151.2,50.2,225.9c13.8,66.5,23.8,125.2,93.6,145.5    c35.4,10.3,104.2,3.2,133.8-71.6C646.5,663,705,432.6,796.7,159.2C811.1,116.3,800.9,29.9,721.8,10.2z\"><\/path>\t\t<\/defs>\t\t<use xlink:href=\"#SVGID_1_\" style=\"overflow:visible;fill:#E4FF00;\"><\/use>\t\t<clippath id=\"SVGID_2_\">\t\t\t<use xlink:href=\"#SVGID_1_\" style=\"overflow:visible;\"><\/use>\t\t<\/clippath>\t<\/g><\/g><\/svg>\t\t\t\t\t\t<\/span>\n\t\t\t\t\t\t\t\t\t\t<span class=\"elementor-icon-list-text\">Un deporte m\u00e1s all\u00e1 de la competici\u00f3n<\/span>\n\t\t\t\t\t\t\t\t\t<\/li>\n\t\t\t\t\t\t<\/ul>\n\t\t\t\t\t\t<\/div>\n\t\t\t\t<\/div>\n\t\t\t\t<\/div>\n\t\t<div class=\"elementor-element elementor-element-3127ecc e-con-full e-flex e-con e-child\" data-id=\"3127ecc\" data-element_type=\"container\" data-e-type=\"container\">\n\t\t\t\t<div class=\"elementor-element elementor-element-c6c8c1d elementor-widget elementor-widget-image\" data-id=\"c6c8c1d\" data-element_type=\"widget\" data-e-type=\"widget\" data-widget_type=\"image.default\">\n\t\t\t\t\t\t\t\t\t\t\t\t\t\t\t<img fetchpriority=\"high\" decoding=\"async\" width=\"800\" height=\"534\" src=\"https:\/\/worldfestivalofpadel.com\/wp-content\/uploads\/6.-World-Festival-of-Padel-Madrid-25-774-1024x683.jpg\" class=\"attachment-large size-large wp-image-20435\" alt=\"6. Festival Mundial de P\u00e1del Madrid 25\" srcset=\"https:\/\/worldfestivalofpadel.com\/wp-content\/uploads\/6.-World-Festival-of-Padel-Madrid-25-774-1024x683.jpg 1024w, https:\/\/worldfestivalofpadel.com\/wp-content\/uploads\/6.-World-Festival-of-Padel-Madrid-25-774-300x200.jpg 300w, https:\/\/worldfestivalofpadel.com\/wp-content\/uploads\/6.-World-Festival-of-Padel-Madrid-25-774-768x512.jpg 768w, https:\/\/worldfestivalofpadel.com\/wp-content\/uploads\/6.-World-Festival-of-Padel-Madrid-25-774-1536x1024.jpg 1536w, https:\/\/worldfestivalofpadel.com\/wp-content\/uploads\/6.-World-Festival-of-Padel-Madrid-25-774.jpg 1800w\" sizes=\"(max-width: 800px) 100vw, 800px\" \/>\t\t\t\t\t\t\t\t\t\t\t\t\t\t\t<\/div>\n\t\t\t\t<\/div>\n\t\t\t\t\t<\/div>\n\t\t\t\t<\/div>\n\t\t<div class=\"elementor-element elementor-element-73b3fca e-flex e-con-boxed e-con e-parent\" data-id=\"73b3fca\" data-element_type=\"container\" data-e-type=\"container\" data-settings=\"{&quot;background_background&quot;:&quot;classic&quot;}\">\n\t\t\t\t\t<div class=\"e-con-inner\">\n\t\t<div class=\"elementor-element elementor-element-9472238 e-con-full e-flex e-con e-child\" data-id=\"9472238\" data-element_type=\"container\" data-e-type=\"container\">\n\t\t<div class=\"elementor-element elementor-element-38c941b e-con-full e-flex e-con e-child\" data-id=\"38c941b\" data-element_type=\"container\" data-e-type=\"container\">\n\t\t\t\t<div class=\"elementor-element elementor-element-86c44a5 elementor-widget elementor-widget-heading\" data-id=\"86c44a5\" data-element_type=\"widget\" data-e-type=\"widget\" data-widget_type=\"heading.default\">\n\t\t\t\t\t<h3 class=\"elementor-heading-title elementor-size-default\">NUESTRAS AMBICIONES<\/h3>\t\t\t\t<\/div>\n\t\t\t\t<div class=\"elementor-element elementor-element-72acbd9 elementor-widget elementor-widget-heading\" data-id=\"72acbd9\" data-element_type=\"widget\" data-e-type=\"widget\" data-widget_type=\"heading.default\">\n\t\t\t\t\t<h2 class=\"elementor-heading-title elementor-size-default\">UN FUTURO BASADO EN EL CRECIMIENTO, LA COMUNIDAD Y LA EXPANSI\u00d3N GLOBAL<\/h2>\t\t\t\t<\/div>\n\t\t\t\t<div class=\"elementor-element elementor-element-c50e346 elementor-widget elementor-widget-text-editor\" data-id=\"c50e346\" data-element_type=\"widget\" data-e-type=\"widget\" data-widget_type=\"text-editor.default\">\n\t\t\t\t\t\t\t\t\t<p><span style=\"font-weight: 400;\">Nuestras ambiciones van mucho m\u00e1s all\u00e1 de la organizaci\u00f3n de eventos.\nEstamos construyendo un proyecto a largo plazo, dise\u00f1ado para dar forma al futuro del p\u00e1del amateur en todo el mundo.<\/span><\/p><p><b>Lo que buscamos lograr:<\/b><\/p><ul><li style=\"font-weight: 400;\" aria-level=\"1\"><b><b>Crear el primer circuito amateur verdaderamente global<\/b>, conectando continentes a trav\u00e9s de Series, Masters, Majors y la Final.<\/b><span style=\"font-weight: 400;\">, conectando continentes a trav\u00e9s de SERIES, MASTERS, MAJORS y la FINAL.<\/span><\/li><li style=\"font-weight: 400;\" aria-level=\"1\"><b><b>Desarrollar una clasificaci\u00f3n mundial<\/b>, reconocida y respetada, que crezca y evolucione con cada temporada.<\/b><span style=\"font-weight: 400;\">, reconocida y respetada, que crece con cada estaci\u00f3n.<\/span><\/li><li style=\"font-weight: 400;\" aria-level=\"1\" class=\"translation-block\"><b>Expandir la gira a nuevos destinos<\/b>, culturas y clubes cada a\u00f1o.<\/li><li style=\"font-weight: 400;\" aria-level=\"1\" class=\"translation-block\"><b>Forjar alianzas s\u00f3lidas<\/b> con marcas, clubes y referentes del deporte.<\/li><li style=\"font-weight: 400;\" aria-level=\"1\" class=\"translation-block\"><b>Ofrecer m\u00e1s experiencias<\/b>, mayores oportunidades de formaci\u00f3n y servicios de nivel profesional para jugadores amateur.<\/li><li style=\"font-weight: 400;\" aria-level=\"1\" class=\"translation-block\"><b>Acoger una Final de prestigio<\/b> que re\u00fana a los mejores jugadores amateur del planeta.<\/li><li style=\"font-weight: 400;\" aria-level=\"1\" class=\"translation-block\"><b>Construir un movimiento impulsado por la comunidad<\/b>, donde los jugadores llegan por la competici\u00f3n, pero se quedan por la cultura, el ambiente y las personas.<\/li><\/ul>\t\t\t\t\t\t\t\t<\/div>\n\t\t\t\t<\/div>\n\t\t\t\t<\/div>\n\t\t<div class=\"elementor-element elementor-element-277b180 e-con-full e-flex e-con e-child\" data-id=\"277b180\" data-element_type=\"container\" data-e-type=\"container\">\n\t\t\t\t<div class=\"elementor-element elementor-element-8023d88 elementor-widget elementor-widget-image\" data-id=\"8023d88\" data-element_type=\"widget\" data-e-type=\"widget\" data-widget_type=\"image.default\">\n\t\t\t\t\t\t\t\t\t\t\t\t\t\t\t<img decoding=\"async\" width=\"800\" height=\"534\" src=\"https:\/\/worldfestivalofpadel.com\/wp-content\/uploads\/VM206880-1024x683.jpg\" class=\"attachment-large size-large wp-image-20034\" alt=\"Vm206880\" srcset=\"https:\/\/worldfestivalofpadel.com\/wp-content\/uploads\/VM206880-1024x683.jpg 1024w, https:\/\/worldfestivalofpadel.com\/wp-content\/uploads\/VM206880-300x200.jpg 300w, https:\/\/worldfestivalofpadel.com\/wp-content\/uploads\/VM206880-768x512.jpg 768w, https:\/\/worldfestivalofpadel.com\/wp-content\/uploads\/VM206880-1536x1025.jpg 1536w, https:\/\/worldfestivalofpadel.com\/wp-content\/uploads\/VM206880-2048x1366.jpg 2048w\" sizes=\"(max-width: 800px) 100vw, 800px\" \/>\t\t\t\t\t\t\t\t\t\t\t\t\t\t\t<\/div>\n\t\t\t\t<\/div>\n\t\t\t\t\t<\/div>\n\t\t\t\t<\/div>\n\t\t<div class=\"elementor-element elementor-element-b3b8859 e-flex e-con-boxed e-con e-parent\" data-id=\"b3b8859\" data-element_type=\"container\" data-e-type=\"container\" data-settings=\"{&quot;background_background&quot;:&quot;classic&quot;,&quot;shape_divider_top&quot;:&quot;pyramids&quot;}\">\n\t\t\t\t\t<div class=\"e-con-inner\">\n\t\t\t\t<div class=\"elementor-shape elementor-shape-top\" aria-hidden=\"true\" data-negative=\"false\">\n\t\t\t<svg xmlns=\"http:\/\/www.w3.org\/2000\/svg\" viewbox=\"0 0 1000 100\" preserveaspectratio=\"none\">\n\t<path class=\"elementor-shape-fill\" d=\"M761.9,44.1L643.1,27.2L333.8,98L0,3.8V0l1000,0v3.9\"\/>\n<\/svg>\t\t<\/div>\n\t\t\t\t<div class=\"elementor-element elementor-element-711b0e8 elementor-widget elementor-widget-text-editor\" data-id=\"711b0e8\" data-element_type=\"widget\" data-e-type=\"widget\" data-widget_type=\"text-editor.default\">\n\t\t\t\t\t\t\t\t\t<p>Convertirnos en la referencia mundial del p\u00e1del amateur.\u00a0<\/p>\t\t\t\t\t\t\t\t<\/div>\n\t\t\t\t<div class=\"elementor-element elementor-element-0a782eb elementor-widget-mobile__width-inherit elementor-widget elementor-widget-heading\" data-id=\"0a782eb\" data-element_type=\"widget\" data-e-type=\"widget\" data-widget_type=\"heading.default\">\n\t\t\t\t\t<div class=\"elementor-heading-title elementor-size-default\">Hoy, ma\u00f1ana y en los a\u00f1os por venir.<\/div>\t\t\t\t<\/div>\n\t\t\t\t\t<\/div>\n\t\t\t\t<\/div>\n\t\t<div class=\"elementor-element elementor-element-533887b e-con-full e-flex e-con e-parent\" data-id=\"533887b\" data-element_type=\"container\" data-e-type=\"container\" data-settings=\"{&quot;background_background&quot;:&quot;classic&quot;,&quot;shape_divider_bottom&quot;:&quot;pyramids&quot;}\">\n\t\t\t\t<div class=\"elementor-shape elementor-shape-bottom\" aria-hidden=\"true\" data-negative=\"false\">\n\t\t\t<svg xmlns=\"http:\/\/www.w3.org\/2000\/svg\" viewbox=\"0 0 1000 100\" preserveaspectratio=\"none\">\n\t<path class=\"elementor-shape-fill\" d=\"M761.9,44.1L643.1,27.2L333.8,98L0,3.8V0l1000,0v3.9\"\/>\n<\/svg>\t\t<\/div>\n\t\t<div class=\"elementor-element elementor-element-d23cba6 e-con-full e-flex e-con e-child\" data-id=\"d23cba6\" data-element_type=\"container\" data-e-type=\"container\">\n\t\t\t\t<div class=\"elementor-element elementor-element-4fa5459 elementor-widget elementor-widget-gallery\" data-id=\"4fa5459\" data-element_type=\"widget\" data-e-type=\"widget\" data-settings=\"{&quot;columns_mobile&quot;:2,&quot;gap&quot;:{&quot;unit&quot;:&quot;px&quot;,&quot;size&quot;:0,&quot;sizes&quot;:[]},&quot;gap_tablet&quot;:{&quot;unit&quot;:&quot;px&quot;,&quot;size&quot;:0,&quot;sizes&quot;:[]},&quot;gap_mobile&quot;:{&quot;unit&quot;:&quot;px&quot;,&quot;size&quot;:0,&quot;sizes&quot;:[]},&quot;aspect_ratio&quot;:&quot;1:1&quot;,&quot;gallery_layout&quot;:&quot;grid&quot;,&quot;columns&quot;:4,&quot;columns_tablet&quot;:2,&quot;link_to&quot;:&quot;file&quot;,&quot;overlay_background&quot;:&quot;yes&quot;,&quot;content_hover_animation&quot;:&quot;fade-in&quot;}\" data-widget_type=\"gallery.default\">\n\t\t\t\t\t\t\t<div class=\"elementor-gallery__container\">\n\t\t\t\t\t\t\t<a class=\"e-gallery-item elementor-gallery-item elementor-animated-content\" href=\"https:\/\/worldfestivalofpadel.com\/wp-content\/uploads\/Copie-de-World-Padel-Fest-TPA-210.jpg\" data-elementor-open-lightbox=\"yes\" data-elementor-lightbox-slideshow=\"4fa5459\" data-e-action-hash=\"#elementor-action%3Aaction%3Dlightbox%26settings%3DeyJpZCI6MTk4ODUsInVybCI6Imh0dHBzOlwvXC93b3JsZGZlc3RpdmFsb2ZwYWRlbC5jb21cL3dwLWNvbnRlbnRcL3VwbG9hZHNcL0NvcGllLWRlLVdvcmxkLVBhZGVsLUZlc3QtVFBBLTIxMC5qcGciLCJzbGlkZXNob3ciOiI0ZmE1NDU5In0%3D\">\n\t\t\t\t\t<div class=\"e-gallery-image elementor-gallery-item__image\" data-thumbnail=\"https:\/\/worldfestivalofpadel.com\/wp-content\/uploads\/Copie-de-World-Padel-Fest-TPA-210.jpg\" data-width=\"1600\" data-height=\"898\" aria-label=\"Copia de world padel fest tpa 210\" role=\"img\" ><\/div>\n\t\t\t\t\t\t\t\t\t\t\t<div class=\"elementor-gallery-item__overlay\"><\/div>\n\t\t\t\t\t\t\t\t\t\t\t\t\t\t<\/a>\n\t\t\t\t\t\t\t<a class=\"e-gallery-item elementor-gallery-item elementor-animated-content\" href=\"https:\/\/worldfestivalofpadel.com\/wp-content\/uploads\/Copie-de-World-Padel-Fest-TPA-662.jpg\" data-elementor-open-lightbox=\"yes\" data-elementor-lightbox-slideshow=\"4fa5459\" data-e-action-hash=\"#elementor-action%3Aaction%3Dlightbox%26settings%3DeyJpZCI6MTk4ODgsInVybCI6Imh0dHBzOlwvXC93b3JsZGZlc3RpdmFsb2ZwYWRlbC5jb21cL3dwLWNvbnRlbnRcL3VwbG9hZHNcL0NvcGllLWRlLVdvcmxkLVBhZGVsLUZlc3QtVFBBLTY2Mi5qcGciLCJzbGlkZXNob3ciOiI0ZmE1NDU5In0%3D\">\n\t\t\t\t\t<div class=\"e-gallery-image elementor-gallery-item__image\" data-thumbnail=\"https:\/\/worldfestivalofpadel.com\/wp-content\/uploads\/Copie-de-World-Padel-Fest-TPA-662.jpg\" data-width=\"1600\" data-height=\"898\" aria-label=\"Copia de world padel fest tpa 662\" role=\"img\" ><\/div>\n\t\t\t\t\t\t\t\t\t\t\t<div class=\"elementor-gallery-item__overlay\"><\/div>\n\t\t\t\t\t\t\t\t\t\t\t\t\t\t<\/a>\n\t\t\t\t\t\t\t<a class=\"e-gallery-item elementor-gallery-item elementor-animated-content\" href=\"https:\/\/worldfestivalofpadel.com\/wp-content\/uploads\/Copie-de-World-Padel-Fest-TPA-492.jpg\" data-elementor-open-lightbox=\"yes\" data-elementor-lightbox-slideshow=\"4fa5459\" data-e-action-hash=\"#elementor-action%3Aaction%3Dlightbox%26settings%3DeyJpZCI6MTk4ODcsInVybCI6Imh0dHBzOlwvXC93b3JsZGZlc3RpdmFsb2ZwYWRlbC5jb21cL3dwLWNvbnRlbnRcL3VwbG9hZHNcL0NvcGllLWRlLVdvcmxkLVBhZGVsLUZlc3QtVFBBLTQ5Mi5qcGciLCJzbGlkZXNob3ciOiI0ZmE1NDU5In0%3D\">\n\t\t\t\t\t<div class=\"e-gallery-image elementor-gallery-item__image\" data-thumbnail=\"https:\/\/worldfestivalofpadel.com\/wp-content\/uploads\/Copie-de-World-Padel-Fest-TPA-492.jpg\" data-width=\"1600\" data-height=\"898\" aria-label=\"Copia de world padel fest tpa 492\" role=\"img\" ><\/div>\n\t\t\t\t\t\t\t\t\t\t\t<div class=\"elementor-gallery-item__overlay\"><\/div>\n\t\t\t\t\t\t\t\t\t\t\t\t\t\t<\/a>\n\t\t\t\t\t\t\t<a class=\"e-gallery-item elementor-gallery-item elementor-animated-content\" href=\"https:\/\/worldfestivalofpadel.com\/wp-content\/uploads\/Copie-de-VM206679.jpg\" data-elementor-open-lightbox=\"yes\" data-elementor-lightbox-slideshow=\"4fa5459\" data-e-action-hash=\"#elementor-action%3Aaction%3Dlightbox%26settings%3DeyJpZCI6MTk4ODIsInVybCI6Imh0dHBzOlwvXC93b3JsZGZlc3RpdmFsb2ZwYWRlbC5jb21cL3dwLWNvbnRlbnRcL3VwbG9hZHNcL0NvcGllLWRlLVZNMjA2Njc5LmpwZyIsInNsaWRlc2hvdyI6IjRmYTU0NTkifQ%3D%3D\">\n\t\t\t\t\t<div class=\"e-gallery-image elementor-gallery-item__image\" data-thumbnail=\"https:\/\/worldfestivalofpadel.com\/wp-content\/uploads\/Copie-de-VM206679.jpg\" data-width=\"1600\" data-height=\"834\" aria-label=\"Copia de vm206679\" role=\"img\" ><\/div>\n\t\t\t\t\t\t\t\t\t\t\t<div class=\"elementor-gallery-item__overlay\"><\/div>\n\t\t\t\t\t\t\t\t\t\t\t\t\t\t<\/a>\n\t\t\t\t\t\t\t<a class=\"e-gallery-item elementor-gallery-item elementor-animated-content\" href=\"https:\/\/worldfestivalofpadel.com\/wp-content\/uploads\/Copie-de-World-Padel-Fest-TPA-384.jpg\" data-elementor-open-lightbox=\"yes\" data-elementor-lightbox-slideshow=\"4fa5459\" data-e-action-hash=\"#elementor-action%3Aaction%3Dlightbox%26settings%3DeyJpZCI6MTk4ODYsInVybCI6Imh0dHBzOlwvXC93b3JsZGZlc3RpdmFsb2ZwYWRlbC5jb21cL3dwLWNvbnRlbnRcL3VwbG9hZHNcL0NvcGllLWRlLVdvcmxkLVBhZGVsLUZlc3QtVFBBLTM4NC5qcGciLCJzbGlkZXNob3ciOiI0ZmE1NDU5In0%3D\">\n\t\t\t\t\t<div class=\"e-gallery-image elementor-gallery-item__image\" data-thumbnail=\"https:\/\/worldfestivalofpadel.com\/wp-content\/uploads\/Copie-de-World-Padel-Fest-TPA-384.jpg\" data-width=\"1600\" data-height=\"898\" aria-label=\"Copia de world padel fest tpa 384\" role=\"img\" ><\/div>\n\t\t\t\t\t\t\t\t\t\t\t<div class=\"elementor-gallery-item__overlay\"><\/div>\n\t\t\t\t\t\t\t\t\t\t\t\t\t\t<\/a>\n\t\t\t\t\t\t\t<a class=\"e-gallery-item elementor-gallery-item elementor-animated-content\" href=\"https:\/\/worldfestivalofpadel.com\/wp-content\/uploads\/Copie-de-World-Padel-Fest-TPA-691.jpg\" data-elementor-open-lightbox=\"yes\" data-elementor-lightbox-slideshow=\"4fa5459\" data-e-action-hash=\"#elementor-action%3Aaction%3Dlightbox%26settings%3DeyJpZCI6MTk4ODksInVybCI6Imh0dHBzOlwvXC93b3JsZGZlc3RpdmFsb2ZwYWRlbC5jb21cL3dwLWNvbnRlbnRcL3VwbG9hZHNcL0NvcGllLWRlLVdvcmxkLVBhZGVsLUZlc3QtVFBBLTY5MS5qcGciLCJzbGlkZXNob3ciOiI0ZmE1NDU5In0%3D\">\n\t\t\t\t\t<div class=\"e-gallery-image elementor-gallery-item__image\" data-thumbnail=\"https:\/\/worldfestivalofpadel.com\/wp-content\/uploads\/Copie-de-World-Padel-Fest-TPA-691.jpg\" data-width=\"1600\" data-height=\"898\" aria-label=\"Copia de world padel fest tpa 691\" role=\"img\" ><\/div>\n\t\t\t\t\t\t\t\t\t\t\t<div class=\"elementor-gallery-item__overlay\"><\/div>\n\t\t\t\t\t\t\t\t\t\t\t\t\t\t<\/a>\n\t\t\t\t\t\t\t<a class=\"e-gallery-item elementor-gallery-item elementor-animated-content\" href=\"https:\/\/worldfestivalofpadel.com\/wp-content\/uploads\/Copie-de-VM208207.jpg\" data-elementor-open-lightbox=\"yes\" data-elementor-lightbox-slideshow=\"4fa5459\" data-e-action-hash=\"#elementor-action%3Aaction%3Dlightbox%26settings%3DeyJpZCI6MTk4ODQsInVybCI6Imh0dHBzOlwvXC93b3JsZGZlc3RpdmFsb2ZwYWRlbC5jb21cL3dwLWNvbnRlbnRcL3VwbG9hZHNcL0NvcGllLWRlLVZNMjA4MjA3LmpwZyIsInNsaWRlc2hvdyI6IjRmYTU0NTkifQ%3D%3D\">\n\t\t\t\t\t<div class=\"e-gallery-image elementor-gallery-item__image\" data-thumbnail=\"https:\/\/worldfestivalofpadel.com\/wp-content\/uploads\/Copie-de-VM208207.jpg\" data-width=\"1600\" data-height=\"1067\" aria-label=\"Copia de vm208207\" role=\"img\" ><\/div>\n\t\t\t\t\t\t\t\t\t\t\t<div class=\"elementor-gallery-item__overlay\"><\/div>\n\t\t\t\t\t\t\t\t\t\t\t\t\t\t<\/a>\n\t\t\t\t\t\t\t<a class=\"e-gallery-item elementor-gallery-item elementor-animated-content\" href=\"https:\/\/worldfestivalofpadel.com\/wp-content\/uploads\/Copie-de-VM206856-scaled.jpg\" data-elementor-open-lightbox=\"yes\" data-elementor-lightbox-slideshow=\"4fa5459\" data-e-action-hash=\"#elementor-action%3Aaction%3Dlightbox%26settings%3DeyJpZCI6MTk4ODMsInVybCI6Imh0dHBzOlwvXC93b3JsZGZlc3RpdmFsb2ZwYWRlbC5jb21cL3dwLWNvbnRlbnRcL3VwbG9hZHNcL0NvcGllLWRlLVZNMjA2ODU2LXNjYWxlZC5qcGciLCJzbGlkZXNob3ciOiI0ZmE1NDU5In0%3D\">\n\t\t\t\t\t<div class=\"e-gallery-image elementor-gallery-item__image\" data-thumbnail=\"https:\/\/worldfestivalofpadel.com\/wp-content\/uploads\/Copie-de-VM206856-scaled.jpg\" data-width=\"1708\" data-height=\"2560\" aria-label=\"Copia de vm206856\" role=\"img\" ><\/div>\n\t\t\t\t\t\t\t\t\t\t\t<div class=\"elementor-gallery-item__overlay\"><\/div>\n\t\t\t\t\t\t\t\t\t\t\t\t\t\t<\/a>\n\t\t\t\t\t<\/div>\n\t\t\t\t\t<\/div>\n\t\t\t\t<\/div>\n\t\t\t\t<\/div>\n\t\t\t\t<\/div>","protected":false},"excerpt":{"rendered":"<p>MANIFESTO \/ VISION WE ARE BUILDING THE GLOBAL HOME OF AMATEUR PADEL OUR VISION A GLOBAL MOVEMENT BUILT ON EXPERIENCE, COMMUNITY &amp; PASSION The World Festival of Padel was created to give amateur players around the world the stage they truly deserve. Our vision is to transform amateur padel into a global ecosystem where players [&hellip;]<\/p>\n","protected":false},"author":4,"featured_media":18668,"parent":0,"menu_order":0,"comment_status":"closed","ping_status":"closed","template":"","meta":{"slim_seo":{"title":"Torneo de P\u00e1del 2026 - World Festival of Padel","description":"MANIFIESTO \/ VISI\u00d3N ESTAMOS CONSTRUYENDO LA CASA MUNDIAL DEL PADEL AMATEUR NUESTRA VISI\u00d3N UN MOVIMIENTO GLOBAL BASADO EN LA EXPERIENCIA, LA COMUNIDAD Y LA PASI\u00d3N El Festival Mundial"},"footnotes":""},"class_list":["post-2712","page","type-page","status-publish","has-post-thumbnail","hentry"],"_links":{"self":[{"href":"https:\/\/worldfestivalofpadel.com\/es\/wp-json\/wp\/v2\/pages\/2712","targetHints":{"allow":["GET"]}}],"collection":[{"href":"https:\/\/worldfestivalofpadel.com\/es\/wp-json\/wp\/v2\/pages"}],"about":[{"href":"https:\/\/worldfestivalofpadel.com\/es\/wp-json\/wp\/v2\/types\/page"}],"author":[{"embeddable":true,"href":"https:\/\/worldfestivalofpadel.com\/es\/wp-json\/wp\/v2\/users\/4"}],"replies":[{"embeddable":true,"href":"https:\/\/worldfestivalofpadel.com\/es\/wp-json\/wp\/v2\/comments?post=2712"}],"version-history":[{"count":9,"href":"https:\/\/worldfestivalofpadel.com\/es\/wp-json\/wp\/v2\/pages\/2712\/revisions"}],"predecessor-version":[{"id":20989,"href":"https:\/\/worldfestivalofpadel.com\/es\/wp-json\/wp\/v2\/pages\/2712\/revisions\/20989"}],"wp:featuredmedia":[{"embeddable":true,"href":"https:\/\/worldfestivalofpadel.com\/es\/wp-json\/wp\/v2\/media\/18668"}],"wp:attachment":[{"href":"https:\/\/worldfestivalofpadel.com\/es\/wp-json\/wp\/v2\/media?parent=2712"}],"curies":[{"name":"wp","href":"https:\/\/api.w.org\/{rel}","templated":true}]}}