{"id":19844,"date":"2025-09-19T10:36:07","date_gmt":"2025-09-19T10:36:07","guid":{"rendered":"https:\/\/www.worldfestivalofpadel.com\/?page_id=19844"},"modified":"2026-04-17T18:08:55","modified_gmt":"2026-04-17T18:08:55","slug":"eventos","status":"publish","type":"page","link":"https:\/\/worldfestivalofpadel.com\/es\/events\/","title":{"rendered":"Eventos"},"content":{"rendered":"<div data-elementor-type=\"wp-page\" data-elementor-id=\"19844\" class=\"elementor elementor-19844\" data-elementor-post-type=\"page\">\n\t\t\t\t<div class=\"elementor-element elementor-element-44d4bec e-flex e-con-boxed e-con e-parent\" data-id=\"44d4bec\" data-element_type=\"container\" data-e-type=\"container\" data-settings=\"{&quot;background_background&quot;:&quot;classic&quot;}\">\n\t\t\t\t\t<div class=\"e-con-inner\">\n\t\t<div class=\"elementor-element elementor-element-220f8c6 e-con-full e-flex e-con e-child\" data-id=\"220f8c6\" data-element_type=\"container\" data-e-type=\"container\">\n\t\t\t\t<div class=\"elementor-element elementor-element-8e9213d elementor-widget__width-initial elementor-widget-tablet__width-inherit elementor-widget elementor-widget-heading\" data-id=\"8e9213d\" data-element_type=\"widget\" data-e-type=\"widget\" data-widget_type=\"heading.default\">\n\t\t\t\t\t<h1 class=\"elementor-heading-title elementor-size-default translation-block\">MAJORS <font style=\"color:#E4FF00\">EVENTS 2026<\/font><\/h1>\t\t\t\t<\/div>\n\t\t<div class=\"elementor-element elementor-element-8e860be e-con-full e-flex e-con e-child\" data-id=\"8e860be\" data-element_type=\"container\" data-e-type=\"container\">\n\t\t\t\t<div class=\"elementor-element elementor-element-d6fe145 elementor-align-left elementor-tablet-align-center elementor-mobile-align-justify elementor-widget elementor-widget-button\" data-id=\"d6fe145\" data-element_type=\"widget\" data-e-type=\"widget\" data-widget_type=\"button.default\">\n\t\t\t\t\t\t\t\t\t\t<a class=\"elementor-button elementor-button-link elementor-size-sm\" href=\"https:\/\/worldfestivalofpadel.com\/es\/eventos\/#majorprogram\">\n\t\t\t\t\t\t<span class=\"elementor-button-content-wrapper\">\n\t\t\t\t\t\t\t\t\t<span class=\"elementor-button-text\">PROGRAMA DESCUBRE<\/span>\n\t\t\t\t\t<\/span>\n\t\t\t\t\t<\/a>\n\t\t\t\t\t\t\t\t<\/div>\n\t\t\t\t<\/div>\n\t\t\t\t<\/div>\n\t\t\t\t\t<\/div>\n\t\t\t\t<\/div>\n\t\t<div class=\"elementor-element elementor-element-3f3e40a e-flex e-con-boxed e-con e-parent\" data-id=\"3f3e40a\" data-element_type=\"container\" data-e-type=\"container\" data-settings=\"{&quot;background_background&quot;:&quot;classic&quot;}\">\n\t\t\t\t\t<div class=\"e-con-inner\">\n\t\t<div class=\"elementor-element elementor-element-d54bee1 e-con-full e-flex e-con e-child\" data-id=\"d54bee1\" data-element_type=\"container\" data-e-type=\"container\" data-settings=\"{&quot;background_background&quot;:&quot;classic&quot;}\">\n\t\t\t\t<div class=\"elementor-element elementor-element-05d9540 elementor-widget elementor-widget-heading\" data-id=\"05d9540\" data-element_type=\"widget\" data-e-type=\"widget\" data-widget_type=\"heading.default\">\n\t\t\t\t\t<h2 class=\"elementor-heading-title elementor-size-default\">PASSIE CENTER<\/h2>\t\t\t\t<\/div>\n\t\t\t\t<div class=\"elementor-element elementor-element-de8e6fa elementor-widget elementor-widget-heading\" data-id=\"de8e6fa\" data-element_type=\"widget\" data-e-type=\"widget\" data-widget_type=\"heading.default\">\n\t\t\t\t\t<h2 class=\"elementor-heading-title elementor-size-default\">AMSTERDAM MAJOR EVENT<\/h2>\t\t\t\t<\/div>\n\t\t\t\t<div class=\"elementor-element elementor-element-aae5a74 elementor-widget elementor-widget-heading\" data-id=\"aae5a74\" data-element_type=\"widget\" data-e-type=\"widget\" data-widget_type=\"heading.default\">\n\t\t\t\t\t<span class=\"elementor-heading-title elementor-size-default\">1 - 3 DE MAYO DE 2026<\/span>\t\t\t\t<\/div>\n\t\t<div class=\"elementor-element elementor-element-ebc1d11 e-con-full e-flex e-con e-child\" data-id=\"ebc1d11\" data-element_type=\"container\" data-e-type=\"container\">\n\t\t\t\t<div class=\"elementor-element elementor-element-211b9ec elementor-hidden-tablet elementor-hidden-mobile elementor-widget elementor-widget-html\" data-id=\"211b9ec\" data-element_type=\"widget\" data-e-type=\"widget\" data-widget_type=\"html.default\">\n\t\t\t\t\t<a href=\"https:\/\/widget.weezevent.com\/ticket\/E1685837\/?code=4441&locale=fr-FR&width_auto=1&color_primary=0032FA\" onclick=\"var w=window.open('https:\/\/widget.weezevent.com\/ticket\/E1685837\/?code=4441&locale=fr-FR&width_auto=1&color_primary=0032FA', 'Billetterie Weezevent', 'width=650, height=600, top=100, left=100, toolbar=no, resizable=yes, scrollbars=yes, status=no'); w.focus(); return false;\" style=\"font-family:Anton, Arial, sans-serif;font-size: 1.4rem;text-transform:uppercase; text-decoration: none;color: #000;background: #E4FF00;padding: .2em 1em;border-radius: 100px;font-weight:500;border:2px solid #E4FF00;\">Reg\u00edstrate<\/a>\n<script type=\"text\/javascript\" src=\"https:\/\/widget.weezevent.com\/weez.js\"><\/script>\t\t\t\t<\/div>\n\t\t\t\t<\/div>\n\t\t<div class=\"elementor-element elementor-element-9320619 e-con-full e-flex e-con e-child\" data-id=\"9320619\" data-element_type=\"container\" data-e-type=\"container\">\n\t\t\t\t<div class=\"elementor-element elementor-element-46a32ac elementor-widget__width-initial elementor-widget-mobile__width-initial elementor-widget elementor-widget-text-editor\" data-id=\"46a32ac\" data-element_type=\"widget\" data-e-type=\"widget\" data-widget_type=\"text-editor.default\">\n\t\t\t\t\t\t\t\t\t<p>Esperamos a m\u00e1s de 200 jugadores para el 1er Major de 2026, que competir\u00e1n en \u00c1msterdam durante todo el fin de semana.<\/p>\n<p>Fiesta en el club el s\u00e1bado por la noche: p\u00e1del, m\u00fasica, happy hour y desaf\u00edo en la pista central.<\/p>\n<p>\u00a1Empieza el a\u00f1o maravillosamente y \u00fanete al primer Major del tour en \u00c1msterdam!<\/p>\t\t\t\t\t\t\t\t<\/div>\n\t\t\t\t<div class=\"elementor-element elementor-element-02e4285 elementor-widget__width-initial elementor-widget elementor-widget-video\" data-id=\"02e4285\" data-element_type=\"widget\" data-e-type=\"widget\" data-settings=\"{&quot;youtube_url&quot;:&quot;https:\\\/\\\/youtube.com\\\/shorts\\\/nLqhC1dow6Q?feature=share&quot;,&quot;video_type&quot;:&quot;youtube&quot;,&quot;controls&quot;:&quot;yes&quot;}\" data-widget_type=\"video.default\">\n\t\t\t\t\t\t\t<div class=\"elementor-wrapper elementor-open-inline\">\n\t\t\t<div class=\"elementor-video\"><\/div>\t\t<\/div>\n\t\t\t\t\t\t<\/div>\n\t\t\t\t<\/div>\n\t\t<div class=\"elementor-element elementor-element-b60a083 e-con-full e-flex e-con e-child\" data-id=\"b60a083\" data-element_type=\"container\" data-e-type=\"container\">\n\t\t\t\t<div class=\"elementor-element elementor-element-80fa446 elementor-hidden-desktop elementor-widget elementor-widget-html\" data-id=\"80fa446\" data-element_type=\"widget\" data-e-type=\"widget\" data-widget_type=\"html.default\">\n\t\t\t\t\t<a href=\"https:\/\/widget.weezevent.com\/ticket\/E1685837\/?code=4441&locale=fr-FR&width_auto=1&color_primary=0032FA\" onclick=\"var w=window.open('https:\/\/widget.weezevent.com\/ticket\/E1685837\/?code=4441&locale=fr-FR&width_auto=1&color_primary=0032FA', 'Billetterie Weezevent', 'width=650, height=600, top=100, left=100, toolbar=no, resizable=yes, scrollbars=yes, status=no'); w.focus(); return false;\" style=\"font-family:Anton, Arial, sans-serif;font-size: 1.4rem;text-transform:uppercase; text-decoration: none;color: #000;background: #E4FF00;padding: .2em 1em;border-radius: 100px;font-weight:500;border:2px solid #E4FF00;\">Reg\u00edstrate<\/a>\n<script type=\"text\/javascript\" src=\"https:\/\/widget.weezevent.com\/weez.js\"><\/script>\t\t\t\t<\/div>\n\t\t\t\t<\/div>\n\t\t\t\t<\/div>\n\t\t<div class=\"elementor-element elementor-element-80b6b9b e-con-full e-flex e-con e-child\" data-id=\"80b6b9b\" data-element_type=\"container\" data-e-type=\"container\" data-settings=\"{&quot;background_background&quot;:&quot;classic&quot;}\">\n\t\t\t\t<div class=\"elementor-element elementor-element-424a1dc elementor-widget elementor-widget-heading\" data-id=\"424a1dc\" data-element_type=\"widget\" data-e-type=\"widget\" data-widget_type=\"heading.default\">\n\t\t\t\t\t<h2 class=\"elementor-heading-title elementor-size-default\">WINNER MEMORABLE CENTER<\/h2>\t\t\t\t<\/div>\n\t\t\t\t<div class=\"elementor-element elementor-element-585878d elementor-widget elementor-widget-heading\" data-id=\"585878d\" data-element_type=\"widget\" data-e-type=\"widget\" data-widget_type=\"heading.default\">\n\t\t\t\t\t<h2 class=\"elementor-heading-title elementor-size-default\">ROME MAJOR EVENT<\/h2>\t\t\t\t<\/div>\n\t\t\t\t<div class=\"elementor-element elementor-element-02fe8bc elementor-widget elementor-widget-heading\" data-id=\"02fe8bc\" data-element_type=\"widget\" data-e-type=\"widget\" data-widget_type=\"heading.default\">\n\t\t\t\t\t<span class=\"elementor-heading-title elementor-size-default\">Del 19 al 21 de junio de 2026<\/span>\t\t\t\t<\/div>\n\t\t<div class=\"elementor-element elementor-element-ffc9114 e-con-full e-flex e-con e-child\" data-id=\"ffc9114\" data-element_type=\"container\" data-e-type=\"container\">\n\t\t\t\t<div class=\"elementor-element elementor-element-3066ef9 elementor-widget__width-inherit elementor-widget elementor-widget-text-editor\" data-id=\"3066ef9\" data-element_type=\"widget\" data-e-type=\"widget\" data-widget_type=\"text-editor.default\">\n\t\t\t\t\t\t\t\t\t<p>Esperamos a m\u00e1s de 140 jugadores para el 2\u00ba Major de 2026, que competir\u00e1n en ROMA durante todo el fin de semana.<\/p><p>El s\u00e1bado por la noche, \u00abSERATA\u00bb en un ambiente italiano!<\/p><p>Ven a disfrutar de lo mejor del p\u00e1del italiano y de una ciudad como Roma, que es un museo al aire libre!<\/p>\t\t\t\t\t\t\t\t<\/div>\n\t\t\t\t<div class=\"elementor-element elementor-element-be0f5ae elementor-widget__width-initial elementor-widget elementor-widget-video\" data-id=\"be0f5ae\" data-element_type=\"widget\" data-e-type=\"widget\" data-settings=\"{&quot;youtube_url&quot;:&quot;https:\\\/\\\/youtube.com\\\/shorts\\\/s719RaQAIUM&quot;,&quot;video_type&quot;:&quot;youtube&quot;,&quot;controls&quot;:&quot;yes&quot;}\" data-widget_type=\"video.default\">\n\t\t\t\t\t\t\t<div class=\"elementor-wrapper elementor-open-inline\">\n\t\t\t<div class=\"elementor-video\"><\/div>\t\t<\/div>\n\t\t\t\t\t\t<\/div>\n\t\t\t\t<\/div>\n\t\t<div class=\"elementor-element elementor-element-ebf757b e-con-full e-flex e-con e-child\" data-id=\"ebf757b\" data-element_type=\"container\" data-e-type=\"container\">\n\t\t\t\t<div class=\"elementor-element elementor-element-0d5d13c elementor-widget elementor-widget-html\" data-id=\"0d5d13c\" data-element_type=\"widget\" data-e-type=\"widget\" data-widget_type=\"html.default\">\n\t\t\t\t\t<script type=\"text\/javascript\" src=\"https:\/\/widget.weezevent.com\/weez.js\"><\/script>\n\n<a href=\"https:\/\/widget.weezevent.com\/ticket\/E1784167\/?code=29688&locale=fr-FR&width_auto=1&color_primary=0032FA\" onclick=\"var w=window.open('https:\/\/widget.weezevent.com\/ticket\/E1784167\/?code=29688&locale=fr-FR&width_auto=1&color_primary=0032FA', 'Billetterie Weezevent', 'width=650, height=600, top=100, left=100, toolbar=no, resizable=yes, scrollbars=yes, status=no'); w.focus(); return false;\" style=\"font-family:Anton, Arial, sans-serif;font-size: 1.4rem;text-transform:uppercase; text-decoration: none;color: #000;background: #E4FF00;padding: .2em 1em;border-radius: 100px;font-weight:500;border:2px solid #E4FF00;\">Reg\u00edstrate<\/a>\t\t\t\t<\/div>\n\t\t\t\t<\/div>\n\t\t\t\t<\/div>\n\t\t<div class=\"elementor-element elementor-element-66527e8 e-con-full e-flex e-con e-child\" data-id=\"66527e8\" data-element_type=\"container\" data-e-type=\"container\" data-settings=\"{&quot;background_background&quot;:&quot;classic&quot;}\">\n\t\t\t\t<div class=\"elementor-element elementor-element-a126ac3 elementor-widget elementor-widget-heading\" data-id=\"a126ac3\" data-element_type=\"widget\" data-e-type=\"widget\" data-widget_type=\"heading.default\">\n\t\t\t\t\t<h2 class=\"elementor-heading-title elementor-size-default\">Lugar del acto por confirmar<\/h2>\t\t\t\t<\/div>\n\t\t\t\t<div class=\"elementor-element elementor-element-3edc61f elementor-widget elementor-widget-heading\" data-id=\"3edc61f\" data-element_type=\"widget\" data-e-type=\"widget\" data-widget_type=\"heading.default\">\n\t\t\t\t\t<h2 class=\"elementor-heading-title elementor-size-default\">FRANCIA MAJOR<\/h2>\t\t\t\t<\/div>\n\t\t\t\t<div class=\"elementor-element elementor-element-6348fd7 elementor-widget elementor-widget-heading\" data-id=\"6348fd7\" data-element_type=\"widget\" data-e-type=\"widget\" data-widget_type=\"heading.default\">\n\t\t\t\t\t<span class=\"elementor-heading-title elementor-size-default\">Sept TBC, 2026<\/span>\t\t\t\t<\/div>\n\t\t<div class=\"elementor-element elementor-element-8c3cf12 e-con-full e-flex e-con e-child\" data-id=\"8c3cf12\" data-element_type=\"container\" data-e-type=\"container\">\n\t\t\t\t<div class=\"elementor-element elementor-element-a11398e elementor-widget__width-inherit elementor-widget elementor-widget-text-editor\" data-id=\"a11398e\" data-element_type=\"widget\" data-e-type=\"widget\" data-widget_type=\"text-editor.default\">\n\t\t\t\t\t\t\t\t\t<p>Esperamos a m\u00e1s de 150 jugadores para el 3er Major de 2026, que competir\u00e1n en FRANCIA durante todo el fin de semana.<\/p><p>S\u00e1bado por la noche \u00aba la francesa\u00bb con especialidades locales!<\/p><p>Ven a descubrir el toque franc\u00e9s durante un fin de semana inolvidable!<\/p>\t\t\t\t\t\t\t\t<\/div>\n\t\t\t\t<div class=\"elementor-element elementor-element-4b6a088 elementor-widget__width-initial elementor-hidden-desktop elementor-hidden-tablet elementor-hidden-mobile elementor-widget elementor-widget-video\" data-id=\"4b6a088\" data-element_type=\"widget\" data-e-type=\"widget\" data-settings=\"{&quot;youtube_url&quot;:&quot;https:\\\/\\\/youtube.com\\\/shorts\\\/nLqhC1dow6Q?feature=share&quot;,&quot;video_type&quot;:&quot;youtube&quot;,&quot;controls&quot;:&quot;yes&quot;}\" data-widget_type=\"video.default\">\n\t\t\t\t\t\t\t<div class=\"elementor-wrapper elementor-open-inline\">\n\t\t\t<div class=\"elementor-video\"><\/div>\t\t<\/div>\n\t\t\t\t\t\t<\/div>\n\t\t\t\t<\/div>\n\t\t<div class=\"elementor-element elementor-element-81212a4 e-con-full e-flex e-con e-child\" data-id=\"81212a4\" data-element_type=\"container\" data-e-type=\"container\">\n\t\t\t\t<div class=\"elementor-element elementor-element-162b743 elementor-widget elementor-widget-html\" data-id=\"162b743\" data-element_type=\"widget\" data-e-type=\"widget\" data-widget_type=\"html.default\">\n\t\t\t\t\t<script type=\"text\/javascript\" src=\"https:\/\/widget.weezevent.com\/weez.js\"><\/script>\n\n<a href=\"https:\/\/widget.weezevent.com\/ticket\/E1800403\/?code=17676&locale=fr-FR&width_auto=1&color_primary=0032FA\" onclick=\"var w=window.open('https:\/\/widget.weezevent.com\/ticket\/E1800403\/?code=17676&locale=fr-FR&width_auto=1&color_primary=0032FA', 'Billetterie Weezevent', 'width=650, height=600, top=100, left=100, toolbar=no, resizable=yes, scrollbars=yes, status=no'); w.focus(); return false;\" style=\"font-family:Anton, Arial, sans-serif;font-size: 1.4rem;text-transform:uppercase; text-decoration: none;color: #000;background: #E4FF00;padding: .2em 1em;border-radius: 100px;font-weight:500;border:2px solid #E4FF00;\">Reg\u00edstrate<\/a>\t\t\t\t<\/div>\n\t\t\t\t<\/div>\n\t\t\t\t<\/div>\n\t\t<div class=\"elementor-element elementor-element-1fd4dd5 e-con-full e-flex e-con e-child\" data-id=\"1fd4dd5\" data-element_type=\"container\" data-e-type=\"container\" data-settings=\"{&quot;background_background&quot;:&quot;classic&quot;}\">\n\t\t\t\t<div class=\"elementor-element elementor-element-6adc2a1 elementor-widget elementor-widget-heading\" data-id=\"6adc2a1\" data-element_type=\"widget\" data-e-type=\"widget\" data-widget_type=\"heading.default\">\n\t\t\t\t\t<h2 class=\"elementor-heading-title elementor-size-default\">Lugar del acto por confirmar<\/h2>\t\t\t\t<\/div>\n\t\t\t\t<div class=\"elementor-element elementor-element-1a14a1a elementor-widget elementor-widget-heading\" data-id=\"1a14a1a\" data-element_type=\"widget\" data-e-type=\"widget\" data-widget_type=\"heading.default\">\n\t\t\t\t\t<h2 class=\"elementor-heading-title elementor-size-default\">VALENCIA MAJOR EVENT<\/h2>\t\t\t\t<\/div>\n\t\t\t\t<div class=\"elementor-element elementor-element-6cd4b8c elementor-widget elementor-widget-heading\" data-id=\"6cd4b8c\" data-element_type=\"widget\" data-e-type=\"widget\" data-widget_type=\"heading.default\">\n\t\t\t\t\t<span class=\"elementor-heading-title elementor-size-default\">Oct TBC, 2026<\/span>\t\t\t\t<\/div>\n\t\t<div class=\"elementor-element elementor-element-a0f806c e-con-full e-flex e-con e-child\" data-id=\"a0f806c\" data-element_type=\"container\" data-e-type=\"container\">\n\t\t\t\t<div class=\"elementor-element elementor-element-7f85608 elementor-widget__width-inherit elementor-widget elementor-widget-text-editor\" data-id=\"7f85608\" data-element_type=\"widget\" data-e-type=\"widget\" data-widget_type=\"text-editor.default\">\n\t\t\t\t\t\t\t\t\t<p>Esperamos a m\u00e1s de 200 jugadores para el 4\u00ba Major de 2026, que competir\u00e1n en VALENCIA durante todo el fin de semana.<\/p><p>El s\u00e1bado por la noche, \u00abFIESTA\u00bb en un ambiente espa\u00f1ol!<\/p><p>No pierdas la oportunidad de descubrir Valencia en condiciones ideales, combinando deporte y turismo!<\/p>\t\t\t\t\t\t\t\t<\/div>\n\t\t\t\t<div class=\"elementor-element elementor-element-ddc3f60 elementor-widget__width-initial elementor-hidden-desktop elementor-hidden-tablet elementor-hidden-mobile elementor-widget elementor-widget-video\" data-id=\"ddc3f60\" data-element_type=\"widget\" data-e-type=\"widget\" data-settings=\"{&quot;youtube_url&quot;:&quot;https:\\\/\\\/youtube.com\\\/shorts\\\/nLqhC1dow6Q?feature=share&quot;,&quot;video_type&quot;:&quot;youtube&quot;,&quot;controls&quot;:&quot;yes&quot;}\" data-widget_type=\"video.default\">\n\t\t\t\t\t\t\t<div class=\"elementor-wrapper elementor-open-inline\">\n\t\t\t<div class=\"elementor-video\"><\/div>\t\t<\/div>\n\t\t\t\t\t\t<\/div>\n\t\t\t\t<\/div>\n\t\t<div class=\"elementor-element elementor-element-e399cef e-con-full e-flex e-con e-child\" data-id=\"e399cef\" data-element_type=\"container\" data-e-type=\"container\">\n\t\t\t\t<div class=\"elementor-element elementor-element-8471310 elementor-widget elementor-widget-html\" data-id=\"8471310\" data-element_type=\"widget\" data-e-type=\"widget\" data-widget_type=\"html.default\">\n\t\t\t\t\t<script type=\"text\/javascript\" src=\"https:\/\/widget.weezevent.com\/weez.js\"><\/script>\n\n<a href=\"https:\/\/widget.weezevent.com\/ticket\/E1800361\/?code=57550&locale=fr-FR&width_auto=1&color_primary=0032FA\" onclick=\"var w=window.open('https:\/\/widget.weezevent.com\/ticket\/E1800361\/?code=57550&locale=fr-FR&width_auto=1&color_primary=0032FA', 'Billetterie Weezevent', 'width=650, height=600, top=100, left=100, toolbar=no, resizable=yes, scrollbars=yes, status=no'); w.focus(); return false;\" style=\"font-family:Anton, Arial, sans-serif;font-size: 1.4rem;text-transform:uppercase; text-decoration: none;color: #000;background: #E4FF00;padding: .2em 1em;border-radius: 100px;font-weight:500;border:2px solid #E4FF00;\">Reg\u00edstrate<\/a>\t\t\t\t<\/div>\n\t\t\t\t<\/div>\n\t\t\t\t<\/div>\n\t\t<div class=\"elementor-element elementor-element-6b0d937 e-con-full e-flex e-con e-child\" data-id=\"6b0d937\" data-element_type=\"container\" data-e-type=\"container\" data-settings=\"{&quot;background_background&quot;:&quot;classic&quot;}\">\n\t\t\t\t<div class=\"elementor-element elementor-element-6500de2 elementor-widget elementor-widget-heading\" data-id=\"6500de2\" data-element_type=\"widget\" data-e-type=\"widget\" data-widget_type=\"heading.default\">\n\t\t\t\t\t<h2 class=\"elementor-heading-title elementor-size-default\">M3 PADEL CENTER<\/h2>\t\t\t\t<\/div>\n\t\t\t\t<div class=\"elementor-element elementor-element-166e7d2 elementor-widget elementor-widget-heading\" data-id=\"166e7d2\" data-element_type=\"widget\" data-e-type=\"widget\" data-widget_type=\"heading.default\">\n\t\t\t\t\t<h2 class=\"elementor-heading-title elementor-size-default\">MADRID MAJOR FINAL EVENT<\/h2>\t\t\t\t<\/div>\n\t\t\t\t<div class=\"elementor-element elementor-element-8534815 elementor-widget elementor-widget-heading\" data-id=\"8534815\" data-element_type=\"widget\" data-e-type=\"widget\" data-widget_type=\"heading.default\">\n\t\t\t\t\t<span class=\"elementor-heading-title elementor-size-default\">30 octubre - 01 noviembre 2026<\/span>\t\t\t\t<\/div>\n\t\t<div class=\"elementor-element elementor-element-a581318 e-con-full e-flex e-con e-child\" data-id=\"a581318\" data-element_type=\"container\" data-e-type=\"container\">\n\t\t\t\t<div class=\"elementor-element elementor-element-e666a88 elementor-widget__width-inherit elementor-widget elementor-widget-text-editor\" data-id=\"e666a88\" data-element_type=\"widget\" data-e-type=\"widget\" data-widget_type=\"text-editor.default\">\n\t\t\t\t\t\t\t\t\t<p>Esperamos a m\u00e1s de 200 jugadores para la Major Final de 2026, que competir\u00e1n en MADRID durante todo el fin de semana.<\/p><p>S\u00e1bado por la noche madrile\u00f1o, ambiente espa\u00f1ol garantizado!<\/p><p>Termina el circuito de la mejor manera posible, ya sea clasific\u00e1ndote o inscribi\u00e9ndote directamente en la Major Final de Madrid.<\/p>\t\t\t\t\t\t\t\t<\/div>\n\t\t\t\t<div class=\"elementor-element elementor-element-7eb0485 elementor-widget__width-initial elementor-widget elementor-widget-video\" data-id=\"7eb0485\" data-element_type=\"widget\" data-e-type=\"widget\" data-settings=\"{&quot;youtube_url&quot;:&quot;https:\\\/\\\/www.youtube.com\\\/shorts\\\/ALB2p-QWVWs&quot;,&quot;video_type&quot;:&quot;youtube&quot;,&quot;controls&quot;:&quot;yes&quot;}\" data-widget_type=\"video.default\">\n\t\t\t\t\t\t\t<div class=\"elementor-wrapper elementor-open-inline\">\n\t\t\t<div class=\"elementor-video\"><\/div>\t\t<\/div>\n\t\t\t\t\t\t<\/div>\n\t\t\t\t<\/div>\n\t\t<div class=\"elementor-element elementor-element-fcae491 e-con-full e-flex e-con e-child\" data-id=\"fcae491\" data-element_type=\"container\" data-e-type=\"container\">\n\t\t\t\t<div class=\"elementor-element elementor-element-23ace28 elementor-widget elementor-widget-html\" data-id=\"23ace28\" data-element_type=\"widget\" data-e-type=\"widget\" data-widget_type=\"html.default\">\n\t\t\t\t\t<script type=\"text\/javascript\" src=\"https:\/\/widget.weezevent.com\/weez.js\"><\/script>\n\n<a href=\"https:\/\/widget.weezevent.com\/ticket\/E1800409\/?code=70568&locale=fr-FR&width_auto=1&color_primary=fcb900\" onclick=\"var w=window.open('https:\/\/widget.weezevent.com\/ticket\/E1800409\/?code=70568&locale=fr-FR&width_auto=1&color_primary=fcb900', 'Billetterie Weezevent', 'width=650, height=600, top=100, left=100, toolbar=no, resizable=yes, scrollbars=yes, status=no'); w.focus(); return false;\" style=\"font-family:Anton, Arial, sans-serif;font-size: 1.4rem;text-transform:uppercase; text-decoration: none;color: #000;background: #E4FF00;padding: .2em 1em;border-radius: 100px;font-weight:500;border:2px solid #E4FF00;\">Reg\u00edstrate<\/a>\t\t\t\t<\/div>\n\t\t\t\t<\/div>\n\t\t\t\t<\/div>\n\t\t<div class=\"elementor-element elementor-element-d108755 e-con-full e-flex e-con e-child\" data-id=\"d108755\" data-element_type=\"container\" data-e-type=\"container\">\n\t\t\t\t<div class=\"elementor-element elementor-element-e7a82e6 elementor-widget elementor-widget-heading\" data-id=\"e7a82e6\" data-element_type=\"widget\" data-e-type=\"widget\" id=\"majorprogram\" data-widget_type=\"heading.default\">\n\t\t\t\t\t<h2 class=\"elementor-heading-title elementor-size-default\">MAJOR PROGRAM<\/h2>\t\t\t\t<\/div>\n\t\t<div class=\"elementor-element elementor-element-ab7552a e-con-full e-flex e-con e-child\" data-id=\"ab7552a\" data-element_type=\"container\" data-e-type=\"container\">\n\t\t\t\t<div class=\"elementor-element elementor-element-09aef1a elementor-widget__width-inherit elementor-widget elementor-widget-text-editor\" data-id=\"09aef1a\" data-element_type=\"widget\" data-e-type=\"widget\" data-widget_type=\"text-editor.default\">\n\t\t\t\t\t\t\t\t\t<p><strong>Bienvenidos a la experiencia de nuestros Majors!\u00a0<\/strong><\/p><div><p class=\"translation-block\">Los torneos clasificatorios con SERIES &amp; MASTERS dar\u00e1n a los jugadores la oportunidad de ganar una invitaci\u00f3n gratuita para participar en el torneo.<br>\nTambi\u00e9n es possible inscribirse directamente en el Major para disfrutar plenamante de la experiencia.<\/p><p>Programa Major<\/p><p>D\u00eda 1: Campus de entrenamiento de \u00e9lite con entrenadores y sesiones de alto nivel.<br \/>D\u00eda 2: Competici\u00f3n por grupos seg\u00fan categor\u00edas.<br \/>D\u00eda 3: Competici\u00f3n de ranking y ceremonia de entrega de premios.<br \/>\u00a1\u00a1\u201cFiesta\u201d de s\u00e1bado noche!!<\/p><p>Activaci\u00f3n de marcas y experiencias en el recinto durante todo el evento.<\/p><p>Pro player challenge y partido de exhibici\u00f3n profesional.<\/p><p>Apoyo de coaching y apoyo fisioterapia para una experiencia verdaderamente profesional.<\/p><p>Esperamos veros para el lanzamiento de la temporada 2026!<\/p><\/div>\t\t\t\t\t\t\t\t<\/div>\n\t\t\t\t<\/div>\n\t\t\t\t<\/div>\n\t\t\t\t\t<\/div>\n\t\t\t\t<\/div>\n\t\t\t\t<\/div>","protected":false},"excerpt":{"rendered":"<p>MAJORS EVENTS 2026 DISCOVER PROGRAM PASSIE CENTER AMSTERDAM MAJOR EVENT MAY 1 &#8211; 3, 2026 Register We are expecting over 200 players for the 1st Major of 2026, who will compete in Amsterdam throughout the weekend. Club night on Saturday evening: Padel, music, happy hour, and challenge on central court Start the year wonderfully and [&hellip;]<\/p>\n","protected":false},"author":4,"featured_media":18668,"parent":0,"menu_order":0,"comment_status":"closed","ping_status":"closed","template":"","meta":{"slim_seo":{"title":"Agenda de eventos 2026 - World Festival of Padel","description":"EVENTOS PRINCIPALES 2026 PROGRAMA DESCUBRIR PASSIE CENTER AMSTERDAM EVENTO PRINCIPAL DEL 1 AL 3 DE MAYO DE 2026 Registrar Se espera la participaci\u00f3n de m\u00e1s de 200 jugadores en el primer evento importante de 2026, el cual"},"footnotes":""},"class_list":["post-19844","page","type-page","status-publish","has-post-thumbnail","hentry"],"_links":{"self":[{"href":"https:\/\/worldfestivalofpadel.com\/es\/wp-json\/wp\/v2\/pages\/19844","targetHints":{"allow":["GET"]}}],"collection":[{"href":"https:\/\/worldfestivalofpadel.com\/es\/wp-json\/wp\/v2\/pages"}],"about":[{"href":"https:\/\/worldfestivalofpadel.com\/es\/wp-json\/wp\/v2\/types\/page"}],"author":[{"embeddable":true,"href":"https:\/\/worldfestivalofpadel.com\/es\/wp-json\/wp\/v2\/users\/4"}],"replies":[{"embeddable":true,"href":"https:\/\/worldfestivalofpadel.com\/es\/wp-json\/wp\/v2\/comments?post=19844"}],"version-history":[{"count":105,"href":"https:\/\/worldfestivalofpadel.com\/es\/wp-json\/wp\/v2\/pages\/19844\/revisions"}],"predecessor-version":[{"id":21149,"href":"https:\/\/worldfestivalofpadel.com\/es\/wp-json\/wp\/v2\/pages\/19844\/revisions\/21149"}],"wp:featuredmedia":[{"embeddable":true,"href":"https:\/\/worldfestivalofpadel.com\/es\/wp-json\/wp\/v2\/media\/18668"}],"wp:attachment":[{"href":"https:\/\/worldfestivalofpadel.com\/es\/wp-json\/wp\/v2\/media?parent=19844"}],"curies":[{"name":"wp","href":"https:\/\/api.w.org\/{rel}","templated":true}]}}