{"id":18325,"date":"2025-04-10T03:27:18","date_gmt":"2025-04-10T03:27:18","guid":{"rendered":"https:\/\/www.worldfestivalofpadel.com\/?page_id=18325"},"modified":"2025-04-10T12:01:50","modified_gmt":"2025-04-10T12:01:50","slug":"politica-de-privacidad","status":"publish","type":"page","link":"https:\/\/worldfestivalofpadel.com\/es\/privacy-policy\/","title":{"rendered":"Pol\u00edtica de privacidad"},"content":{"rendered":"<div data-elementor-type=\"wp-page\" data-elementor-id=\"18325\" class=\"elementor elementor-18325\" data-elementor-post-type=\"page\">\n\t\t\t\t<div class=\"elementor-element elementor-element-cd0772f e-flex e-con-boxed e-con e-parent\" data-id=\"cd0772f\" data-element_type=\"container\" data-e-type=\"container\" data-settings=\"{&quot;background_background&quot;:&quot;classic&quot;,&quot;shape_divider_bottom&quot;:&quot;pyramids&quot;}\">\n\t\t\t\t\t<div class=\"e-con-inner\">\n\t\t\t\t<div class=\"elementor-shape elementor-shape-bottom\" aria-hidden=\"true\" data-negative=\"false\">\n\t\t\t<svg xmlns=\"http:\/\/www.w3.org\/2000\/svg\" viewbox=\"0 0 1000 100\" preserveaspectratio=\"none\">\n\t<path class=\"elementor-shape-fill\" d=\"M761.9,44.1L643.1,27.2L333.8,98L0,3.8V0l1000,0v3.9\"\/>\n<\/svg>\t\t<\/div>\n\t\t<div class=\"elementor-element elementor-element-efc3a9a e-con-full e-flex e-con e-child\" data-id=\"efc3a9a\" data-element_type=\"container\" data-e-type=\"container\">\n\t\t\t\t<div class=\"elementor-element elementor-element-e55b73e elementor-widget elementor-widget-heading\" data-id=\"e55b73e\" data-element_type=\"widget\" data-e-type=\"widget\" data-widget_type=\"heading.default\">\n\t\t\t\t\t<h1 class=\"elementor-heading-title elementor-size-default\">Pol\u00edtica de privacidad<\/h1>\t\t\t\t<\/div>\n\t\t\t\t<\/div>\n\t\t\t\t\t<\/div>\n\t\t\t\t<\/div>\n\t\t<div class=\"elementor-element elementor-element-b8b442d e-flex e-con-boxed e-con e-parent\" data-id=\"b8b442d\" data-element_type=\"container\" data-e-type=\"container\">\n\t\t\t\t\t<div class=\"e-con-inner\">\n\t\t<div class=\"elementor-element elementor-element-4914450 e-con-full e-flex e-con e-child\" data-id=\"4914450\" data-element_type=\"container\" data-e-type=\"container\">\n\t\t\t\t<div class=\"elementor-element elementor-element-9bf97c0 elementor-widget elementor-widget-text-editor\" data-id=\"9bf97c0\" data-element_type=\"widget\" data-e-type=\"widget\" data-widget_type=\"text-editor.default\">\n\t\t\t\t\t\t\t\t\t<h3>FORMULARIOS DE CONTACTO E INSCRIPCI\u00d3N<\/h3>\nCuando utiliza un formulario del sitio web, se nos env\u00eda un correo electr\u00f3nico con sus datos. Estos datos tambi\u00e9n se almacenan en nuestra base de datos.\nSi desea recibir un resumen de sus datos o solicitar su eliminaci\u00f3n de nuestra base de datos, p\u00f3ngase en contacto con nosotros a trav\u00e9s de la p\u00e1gina de contacto o por correo postal:\nPlayground Event,\n37 Rue de Domr\u00e9my,\n75013 Par\u00eds, Francia.\n\n<h3>UTILIZACI\u00d3N DE LOS DATOS<\/h3>\nPlayground, como organizador del evento, act\u00faa como procesador de datos en virtud del GDPR.\n\nEn el sitio web http:\/\/worldfestivalofpadel-wordpress-7c4ccb-187-124-43-65.traefik.me, sus datos personales se recogen con el fin de:\n\n    Contactar y comunicarse con Playground, el organizador del evento.\n\nLos datos recogidos son: nombre, apellidos, correo electr\u00f3nico y n\u00famero de tel\u00e9fono.\nLos destinatarios de estos datos son el personal de Playground. No se comparten con otras organizaciones.\n\nEn el sitio web de venta de entradas https:\/\/my.weezevent.com\/world-padel-festival, sus datos personales se recogen con el fin de:\n\n    Gestionar su pedido\n\n    Personalizar las comunicaciones\n\n    Enviarle informaci\u00f3n y\/o ofertas\n\n    Enviarle contenido de Playground relacionado con sus socios\n\nSus datos tambi\u00e9n ser\u00e1n utilizados por Playground para:\n\n    Realizar las tareas necesarias de tramitaci\u00f3n de pedidos\n\n    Garantizar la entrega de productos y servicios\n\n    Gestionar los servicios postventa\n\nLos datos recogidos incluyen: t\u00edtulo, nombre, apellidos, correo electr\u00f3nico, n\u00famero de tel\u00e9fono, pa\u00eds, categor\u00eda seleccionada, fechas de llegada y salida, e identidad de la persona que comparte alojamiento (en caso de alojamiento oficial).\n\nLos datos recopilados en la plataforma de inscripci\u00f3n son procesados por Weezevent, que act\u00faa como procesador de datos posterior en virtud del GDPR.\nLos periodos de conservaci\u00f3n de los datos se especifican en el sitio web de Weezevent.\n\n<h3>EJERCER SUS DERECHOS<\/h3>\nDe conformidad con el Reglamento General Europeo de Protecci\u00f3n de Datos (RGPD) y la Ley francesa de Protecci\u00f3n de Datos, usted dispone de los siguientes derechos en relaci\u00f3n con sus datos personales: informaci\u00f3n, acceso, rectificaci\u00f3n, supresi\u00f3n, portabilidad, restricci\u00f3n y oposici\u00f3n.\n\nPara ejercer sus derechos relativos a los datos tratados por Playground, puede ponerse en contacto con nosotros a trav\u00e9s del formulario de contacto o por correo a\nPlayground Event\n37 Rue de Domr\u00e9my\n75013 Par\u00eds, Francia\n\nPara m\u00e1s informaci\u00f3n, visite el sitio web de la CNIL o p\u00f3ngase en contacto directamente con ellos:\nhttps:\/\/www.cnil.fr\/en\/contact-cnil\t\t\t\t\t\t\t\t<\/div>\n\t\t\t\t<\/div>\n\t\t\t\t\t<\/div>\n\t\t\t\t<\/div>\n\t\t\t\t<\/div>","protected":false},"excerpt":{"rendered":"<p>CONTACT AND REGISTRATION FORMS When you use a form on the website, an email is sent to us containing your information. These details are also stored in our database. If you wish to receive a summary of your data or request its deletion from our database, please contact us via the contact page or by [&hellip;]<\/p>\n","protected":false},"author":4,"featured_media":0,"parent":0,"menu_order":0,"comment_status":"closed","ping_status":"closed","template":"","meta":{"slim_seo":{"noindex":"1","title":"Privacy Policy - World Festival of Padel","description":"FORMULARIOS DE CONTACTO E INSCRIPCI\u00d3N Cuando utiliza un formulario del sitio web, se nos env\u00eda un correo electr\u00f3nico con sus datos. Estos datos tambi\u00e9n se almacenan en nuestra base de datos"},"footnotes":""},"class_list":["post-18325","page","type-page","status-publish","hentry"],"_links":{"self":[{"href":"https:\/\/worldfestivalofpadel.com\/es\/wp-json\/wp\/v2\/pages\/18325","targetHints":{"allow":["GET"]}}],"collection":[{"href":"https:\/\/worldfestivalofpadel.com\/es\/wp-json\/wp\/v2\/pages"}],"about":[{"href":"https:\/\/worldfestivalofpadel.com\/es\/wp-json\/wp\/v2\/types\/page"}],"author":[{"embeddable":true,"href":"https:\/\/worldfestivalofpadel.com\/es\/wp-json\/wp\/v2\/users\/4"}],"replies":[{"embeddable":true,"href":"https:\/\/worldfestivalofpadel.com\/es\/wp-json\/wp\/v2\/comments?post=18325"}],"version-history":[{"count":0,"href":"https:\/\/worldfestivalofpadel.com\/es\/wp-json\/wp\/v2\/pages\/18325\/revisions"}],"wp:attachment":[{"href":"https:\/\/worldfestivalofpadel.com\/es\/wp-json\/wp\/v2\/media?parent=18325"}],"curies":[{"name":"wp","href":"https:\/\/api.w.org\/{rel}","templated":true}]}}